{"id":15141,"date":"2023-03-10T10:11:44","date_gmt":"2023-03-10T09:11:44","guid":{"rendered":"https:\/\/www.bellingua.ch\/?page_id=15141"},"modified":"2025-06-10T17:53:12","modified_gmt":"2025-06-10T15:53:12","slug":"unit-tests","status":"publish","type":"page","link":"https:\/\/www.bellingua.ch\/en\/classes\/unit-tests\/","title":{"rendered":"Unit tests"},"content":{"rendered":"<p>[et_pb_section fb_built=&#8221;1&#8243; _builder_version=&#8221;4.16&#8243; global_colors_info=&#8221;{}&#8221;][et_pb_row _builder_version=&#8221;4.16&#8243; global_colors_info=&#8221;{}&#8221;][et_pb_column type=&#8221;4_4&#8243; _builder_version=&#8221;4.16&#8243; global_colors_info=&#8221;{}&#8221;][et_pb_text _builder_version=&#8221;4.27.4&#8243; hover_enabled=&#8221;0&#8243; global_colors_info=&#8221;{}&#8221; sticky_enabled=&#8221;0&#8243; disabled_on=&#8221;on|on|on&#8221; disabled=&#8221;on&#8221;]<\/p>\n<h1>The unit tests at our language school<\/h1>\n<p>&nbsp;<\/p>\n<h2>Why the tests and assessments?<\/h2>\n<p>All our group courses are divided into several units. Depending on the level, the number of units varies. In the intensive course, one unit always lasts one week, in the semi-intensive course always two weeks. Each unit concludes with a test. These unit tests, along with regular oral assessments, will give our course participants meaningful feedback about their own performance and are an important part of our teaching. They serve to<\/p>\n<ul>\n<li>give them good feedback on a regular basis and at short intervals, so that they can keep up to date with their language skills.<\/li>\n<li>to maintain homogeneity in our <a href=\"https:\/\/www.bellingua.ch\/en\/german-courses-zurich\/\">courses<\/a>.<\/li>\n<li>to provide us with a good overview so that, together with the <a href=\"https:\/\/www.bellingua.ch\/en\/impressions\/team\/\">teachers<\/a>, we can offer our course participants the best possible advice and guidance.<\/li>\n<\/ul>\n<h2>What are our rules regarding the tests?<\/h2>\n<ul>\n<li>The module tests are firmly integrated into the lessons and are written on the last course day of a module.<\/li>\n<li>Writing the test later is only possible in absolute exceptions and in consultation with the teacher.<\/li>\n<li>If a test is exceptionally written late, the following deadline applies:\n<ul>\n<li>In the intensive course until the end of the weekend.<\/li>\n<li>In the afternoon and evening course until 2 hours before the start of the new module.<\/li>\n<li>If the test is not written within this time limit, we will give the test a grade of 3.5.<\/li>\n<\/ul>\n<\/li>\n<\/ul>\n<p>If course participants receive one or two grades under 4.0, we will work together with them to find a suitable way of improving their performance. However, if they receive a third unsatisfactory mark (for speaking, a second unsatisfactory mark), they will be transferred to another group. It may be necessary for them to repeat some course units. Alternatively, we also offer private lessons, which may help to catch up and fill gaps.<\/p>\n<p>[\/et_pb_text][et_pb_text _builder_version=&#8221;4.27.4&#8243; hover_enabled=&#8221;0&#8243; global_colors_info=&#8221;{}&#8221; sticky_enabled=&#8221;0&#8243;]<\/p>\n<h1>Module tests and assessments at Bellingua\u2028<\/h1>\n<p>At Bellingua, we put great emphasis on the learning success of course participants. This is why our group courses are divided into clearly structured modules, which are completed with a test or an oral assessment.\u2028\u2028They serve to:<\/p>\n<ul>\n<li>provide course participants with regular, constructive feedback on their learning progress<\/li>\n<li>ensure quality and homogeneity within the groups<\/li>\n<li>provide a solid basis for individual guidance and targeted support<\/li>\n<\/ul>\n<p>If necessary, we provide our course participants with counselling and help them to achieve their learning goals. In certain cases, it may be useful to repeat individual content or to deepen it with additional lessons.<\/p>\n<p>[\/et_pb_text][et_pb_image src=&#8221;https:\/\/www.bellingua.ch\/wp-content\/uploads\/2020\/09\/BELLINGUA_Kurse_10.jpg&#8221; alt=&#8221;Unit tests at Bellingua language school&#8221; title_text=&#8221;Swiss German is also being practiced&#8221; _builder_version=&#8221;4.20.0&#8243; _module_preset=&#8221;default&#8221; global_colors_info=&#8221;{}&#8221;][\/et_pb_image][\/et_pb_column][\/et_pb_row][\/et_pb_section]<\/p>\n","protected":false},"excerpt":{"rendered":"<p>The unit tests at our language school &nbsp; Why the tests and assessments? All our group courses are divided into several units. Depending on the level, the number of units varies. In the intensive course, one unit always lasts one week, in the semi-intensive course always two weeks. Each unit concludes with a test. These [&hellip;]<\/p>\n","protected":false},"author":5,"featured_media":0,"parent":199,"menu_order":0,"comment_status":"closed","ping_status":"closed","template":"","meta":{"_et_pb_use_builder":"on","_et_pb_old_content":"<p>[et_pb_section fb_built=\"1\" _builder_version=\"4.16\" global_colors_info=\"{}\"][et_pb_row _builder_version=\"4.16\" global_colors_info=\"{}\"][et_pb_column type=\"4_4\" _builder_version=\"4.16\" global_colors_info=\"{}\"][et_pb_text _builder_version=\"4.20.0\" hover_enabled=\"0\" global_colors_info=\"{}\" sticky_enabled=\"0\"]<\/p><h1>Die Modultests an unserer Sprachschule<\/h1><p>\u00a0<\/p><h2>Warum gibt es bei Bellingua Modultests und Beurteilungen?<\/h2><p>Jedes Modul wird mit einem Test abgeschlossen. Die Modultests sowie die regelm\u00e4ssigen m\u00fcndlichen Beurteilungen bieten Dir eine wertvolle Einsch\u00e4tzung Deiner Leistungen und Deines Fortschritts. Sie sind ein wichtiger Teil unseres Unterrichts und dienen dazu,<\/p><ul><li>Dir regelm\u00e4ssig und in kurzen Zeitabst\u00e4nden ein gutes Feedback geben zu k\u00f6nnen, sodass Du \u00fcber Dein sprachliches K\u00f6nnen auf dem Laufenden bist.<\/li><li>die Homogenit\u00e4t in unseren Kursen zu erhalten.<\/li><li>uns einen guten \u00dcberblick zu liefern, damit wir Dir gemeinsam mit den Lehrkr\u00e4ften bestm\u00f6gliche Beratung und Begleitung bieten k\u00f6nnen.<\/li><\/ul><h2>Was sind unsere Regeln bez\u00fcglich der Tests?<\/h2><ul><li>Die Tests sind fest in den Unterricht integriert und werden am letzten Kurstag eines Moduls geschrieben.<\/li><li>Das Nachschreiben von Tests ist nur in absoluten Ausnahmen und in Absprache mit der Lehrkraft m\u00f6glich.<\/li><li>Wenn ausnahmsweise nachgeschrieben wird, gilt die folgende Nachschreibefrist:<ul><li>Im Intensivkurs bis Ende des Wochenendes<\/li><li>Im Nachmittags- und Abendkurs bis 2 Stunden vor Beginn des neuen Moduls.<\/li><li>Wird nicht innerhalb dieser Frist nachgeschrieben, bewerten wir den Test mit der Note 3.5.<\/li><\/ul><\/li><\/ul><p>Wenn Du eine oder zwei ungen\u00fcgende Noten unter 4.0 erh\u00e4ltst, werden wir Dich unterst\u00fctzen und mit Dir zusammen Wege finden, wie Du Deine Leistung verbessern kannst. Falls Du jedoch eine dritte ungen\u00fcgende Note erh\u00e4ltst, kannst Du nicht in Deinem Kurs bleiben. Es ist dann m\u00f6glicherweise n\u00f6tig, einige Module zu wiederholen. Alternativ bieten wir auch Privatlektionen an, in denen Du deine L\u00fccken aufarbeiten kannst.<\/p><p>Indem Du Deine Tests termingerecht schreibst, tust Du Dir selbst und allen anderen einen Gefallen und kannst nur profitieren. Vielen Dank, dass Du uns und unserer Erfahrung vertraust und mithilfst, dieses gut bew\u00e4hrte Konzept zu unterst\u00fctzen.<\/p><p>[\/et_pb_text][et_pb_image src=\"https:\/\/www.bellingua.ch\/wp-content\/uploads\/2020\/06\/Bellingua__MG_2107-bearb-fd-Web-scaled.jpg\" _builder_version=\"4.20.0\" _module_preset=\"default\" title_text=\"Bellingua__MG_2107-bearb-fd-Web\" hover_enabled=\"0\" sticky_enabled=\"0\" alt=\"Modultests bei der Sprachschule Bellingua\"][\/et_pb_image][\/et_pb_column][\/et_pb_row][\/et_pb_section]<\/p>","_et_gb_content_width":"","footnotes":""},"dipi_cpt_category":[],"class_list":["post-15141","page","type-page","status-publish","hentry"],"_links":{"self":[{"href":"https:\/\/www.bellingua.ch\/en\/wp-json\/wp\/v2\/pages\/15141","targetHints":{"allow":["GET"]}}],"collection":[{"href":"https:\/\/www.bellingua.ch\/en\/wp-json\/wp\/v2\/pages"}],"about":[{"href":"https:\/\/www.bellingua.ch\/en\/wp-json\/wp\/v2\/types\/page"}],"author":[{"embeddable":true,"href":"https:\/\/www.bellingua.ch\/en\/wp-json\/wp\/v2\/users\/5"}],"replies":[{"embeddable":true,"href":"https:\/\/www.bellingua.ch\/en\/wp-json\/wp\/v2\/comments?post=15141"}],"version-history":[{"count":20,"href":"https:\/\/www.bellingua.ch\/en\/wp-json\/wp\/v2\/pages\/15141\/revisions"}],"predecessor-version":[{"id":15395,"href":"https:\/\/www.bellingua.ch\/en\/wp-json\/wp\/v2\/pages\/15141\/revisions\/15395"}],"up":[{"embeddable":true,"href":"https:\/\/www.bellingua.ch\/en\/wp-json\/wp\/v2\/pages\/199"}],"wp:attachment":[{"href":"https:\/\/www.bellingua.ch\/en\/wp-json\/wp\/v2\/media?parent=15141"}],"wp:term":[{"taxonomy":"dipi_cpt_category","embeddable":true,"href":"https:\/\/www.bellingua.ch\/en\/wp-json\/wp\/v2\/dipi_cpt_category?post=15141"}],"curies":[{"name":"wp","href":"https:\/\/api.w.org\/{rel}","templated":true}]}}